{"id":3329,"date":"2025-07-30T16:27:05","date_gmt":"2025-07-30T20:27:05","guid":{"rendered":"https:\/\/freshadditions.ca\/nos-produits\/bouchees-de-steak-2\/"},"modified":"2025-10-18T16:02:38","modified_gmt":"2025-10-18T20:02:38","slug":"bouchees-de-steak","status":"publish","type":"page","link":"https:\/\/freshadditions.ca\/fr\/nos-produits\/bouchees-de-steak\/","title":{"rendered":"Bouch\u00e9es de steak"},"content":{"rendered":"\t\t<div data-elementor-type=\"wp-page\" data-elementor-id=\"3329\" class=\"elementor elementor-3329 elementor-2500\" data-elementor-post-type=\"page\">\n\t\t\t\t\t\t<section class=\"elementor-section elementor-top-section elementor-element elementor-element-ca149a9 elementor-reverse-mobile elementor-section-boxed elementor-section-height-default elementor-section-height-default\" data-id=\"ca149a9\" data-element_type=\"section\" data-e-type=\"section\" data-settings=\"{&quot;background_background&quot;:&quot;classic&quot;}\">\n\t\t\t\t\t\t<div class=\"elementor-container elementor-column-gap-default\">\n\t\t\t\t\t<div class=\"elementor-column elementor-col-100 elementor-top-column elementor-element elementor-element-beb6b95\" data-id=\"beb6b95\" data-element_type=\"column\" data-e-type=\"column\">\n\t\t\t<div class=\"elementor-widget-wrap elementor-element-populated\">\n\t\t\t\t\t\t<div class=\"elementor-element elementor-element-a924c19 elementor-widget elementor-widget-image\" data-id=\"a924c19\" data-element_type=\"widget\" data-e-type=\"widget\" data-widget_type=\"image.default\">\n\t\t\t\t<div class=\"elementor-widget-container\">\n\t\t\t\t\t\t\t\t\t\t\t\t\t\t\t<img decoding=\"async\" src=\"https:\/\/freshadditions.ca\/wp-content\/uploads\/elementor\/thumbs\/fresh-additions-steak-ready-to-eat-logo-800x724-F-rdbhe69v6ajrkgdec0qf6978mxid6487svs54hgkoa.png\" title=\"Logo du steak pr\u00eat \u00e0 manger Fresh Additions\" alt=\"Logo du steak pr\u00eat \u00e0 manger Fresh Additions\" loading=\"lazy\" \/>\t\t\t\t\t\t\t\t\t\t\t\t\t\t\t<\/div>\n\t\t\t\t<\/div>\n\t\t\t\t<div class=\"elementor-element elementor-element-c9affbb elementor-widget elementor-widget-heading\" data-id=\"c9affbb\" data-element_type=\"widget\" data-e-type=\"widget\" data-widget_type=\"heading.default\">\n\t\t\t\t<div class=\"elementor-widget-container\">\n\t\t\t\t\t<h1 class=\"elementor-heading-title elementor-size-default\">BOUCH\u00c9ES DE STEAK ENTI\u00c8REMENT CUITES<\/h1>\t\t\t\t<\/div>\n\t\t\t\t<\/div>\n\t\t\t\t\t<\/div>\n\t\t<\/div>\n\t\t\t\t\t<\/div>\n\t\t<\/section>\n\t\t\t\t<section class=\"elementor-section elementor-top-section elementor-element elementor-element-df5a516 elementor-section-boxed elementor-section-height-default elementor-section-height-default\" data-id=\"df5a516\" data-element_type=\"section\" data-e-type=\"section\" data-settings=\"{&quot;background_background&quot;:&quot;classic&quot;}\">\n\t\t\t\t\t\t<div class=\"elementor-container elementor-column-gap-default\">\n\t\t\t\t\t<div class=\"elementor-column elementor-col-50 elementor-top-column elementor-element elementor-element-d92627a\" data-id=\"d92627a\" data-element_type=\"column\" data-e-type=\"column\">\n\t\t\t<div class=\"elementor-widget-wrap elementor-element-populated\">\n\t\t\t\t\t\t<div class=\"elementor-element elementor-element-ecffbf4 elementor-widget elementor-widget-image\" data-id=\"ecffbf4\" data-element_type=\"widget\" data-e-type=\"widget\" loading=\"lazy\" data-widget_type=\"image.default\">\n\t\t\t\t<div class=\"elementor-widget-container\">\n\t\t\t\t\t\t\t\t\t\t\t\t\t\t\t<img fetchpriority=\"high\" decoding=\"async\" width=\"440\" height=\"440\" src=\"https:\/\/freshadditions.ca\/wp-content\/uploads\/2025\/08\/steak-bites-1.png\" class=\"attachment-full size-full wp-image-3441\" alt=\"Bouch\u00e9es de steak de Fresh Additions\" srcset=\"https:\/\/freshadditions.ca\/wp-content\/uploads\/2025\/08\/steak-bites-1.png 440w, https:\/\/freshadditions.ca\/wp-content\/uploads\/2025\/08\/steak-bites-1-300x300.png 300w, https:\/\/freshadditions.ca\/wp-content\/uploads\/2025\/08\/steak-bites-1-150x150.png 150w\" sizes=\"(max-width: 440px) 100vw, 440px\" title=\"Bouch\u00e9es de steak de Fresh Additions\" \/>\t\t\t\t\t\t\t\t\t\t\t\t\t\t\t<\/div>\n\t\t\t\t<\/div>\n\t\t\t\t\t<\/div>\n\t\t<\/div>\n\t\t\t\t<div class=\"elementor-column elementor-col-50 elementor-top-column elementor-element elementor-element-a0589e7\" data-id=\"a0589e7\" data-element_type=\"column\" data-e-type=\"column\">\n\t\t\t<div class=\"elementor-widget-wrap elementor-element-populated\">\n\t\t\t\t\t\t<div class=\"elementor-element elementor-element-b12adca elementor-widget elementor-widget-text-editor\" data-id=\"b12adca\" data-element_type=\"widget\" data-e-type=\"widget\" data-widget_type=\"text-editor.default\">\n\t\t\t\t<div class=\"elementor-widget-container\">\n\t\t\t\t\t\t\t\t\t<p><strong>Ingr\u00e9dients :<\/strong> Boeuf, Eau, Vinaigre modifi\u00e9 avec sel de mer (poudre de vinaigre modifi\u00e9e, sel de mer), Saveur, Phosphates de sodium, Sel, Assaisonnement (saveur naturelle, sel, gras de boeuf), Assaisonnement (sel, sucres, [dextrose], oignon d\u00e9shydrat\u00e9, ail d\u00e9shydrat\u00e9, \u00b4pices et extraits d\u2019epic\u00e9s, saveur, papa\u00efne [maltodextrin, papa\u00efne, m\u00e9tabisulphite de sodium]).<\/p>\n\t\t\t\t\t\t\t\t<\/div>\n\t\t\t\t<\/div>\n\t\t\t\t<div class=\"elementor-element elementor-element-7abee47 elementor-widget-divider--view-line elementor-widget elementor-widget-divider\" data-id=\"7abee47\" data-element_type=\"widget\" data-e-type=\"widget\" data-widget_type=\"divider.default\">\n\t\t\t\t<div class=\"elementor-widget-container\">\n\t\t\t\t\t\t\t<div class=\"elementor-divider\">\n\t\t\t<span class=\"elementor-divider-separator\">\n\t\t\t\t\t\t<\/span>\n\t\t<\/div>\n\t\t\t\t\t\t<\/div>\n\t\t\t\t<\/div>\n\t\t\t\t<div class=\"elementor-element elementor-element-84e289a elementor-widget elementor-widget-heading\" data-id=\"84e289a\" data-element_type=\"widget\" data-e-type=\"widget\" data-widget_type=\"heading.default\">\n\t\t\t\t<div class=\"elementor-widget-container\">\n\t\t\t\t\t<h3 class=\"elementor-heading-title elementor-size-default\">\u00c0 deguster froid, ou \u00e0 r\u00e9chauffer \u00e0 la po\u00eale ou au micro-ondes.<\/h3>\t\t\t\t<\/div>\n\t\t\t\t<\/div>\n\t\t\t\t<div class=\"elementor-element elementor-element-094ecc2 elementor-widget elementor-widget-text-editor\" data-id=\"094ecc2\" data-element_type=\"widget\" data-e-type=\"widget\" data-widget_type=\"text-editor.default\">\n\t\t\t\t<div class=\"elementor-widget-container\">\n\t\t\t\t\t\t\t\t\t<p><strong>91 g par paquet :<\/strong><\/p>\n\t\t\t\t\t\t\t\t<\/div>\n\t\t\t\t<\/div>\n\t\t\t\t<div class=\"elementor-element elementor-element-b7609e9 elementor-icon-list--layout-traditional elementor-list-item-link-full_width elementor-widget elementor-widget-icon-list\" data-id=\"b7609e9\" data-element_type=\"widget\" data-e-type=\"widget\" data-widget_type=\"icon-list.default\">\n\t\t\t\t<div class=\"elementor-widget-container\">\n\t\t\t\t\t\t\t<ul class=\"elementor-icon-list-items\">\n\t\t\t\t\t\t\t<li class=\"elementor-icon-list-item\">\n\t\t\t\t\t\t\t\t\t\t\t<span class=\"elementor-icon-list-icon\">\n\t\t\t\t\t\t\t<i aria-hidden=\"true\" class=\"fas fa-check-circle\"><\/i>\t\t\t\t\t\t<\/span>\n\t\t\t\t\t\t\t\t\t\t<span class=\"elementor-icon-list-text\">100 % boeuf nourri a l\u2019herbe<\/span>\n\t\t\t\t\t\t\t\t\t<\/li>\n\t\t\t\t\t\t\t\t<li class=\"elementor-icon-list-item\">\n\t\t\t\t\t\t\t\t\t\t\t<span class=\"elementor-icon-list-icon\">\n\t\t\t\t\t\t\t<i aria-hidden=\"true\" class=\"fas fa-check-circle\"><\/i>\t\t\t\t\t\t<\/span>\n\t\t\t\t\t\t\t\t\t\t<span class=\"elementor-icon-list-text\">110 calories par portion<\/span>\n\t\t\t\t\t\t\t\t\t<\/li>\n\t\t\t\t\t\t\t\t<li class=\"elementor-icon-list-item\">\n\t\t\t\t\t\t\t\t\t\t\t<span class=\"elementor-icon-list-icon\">\n\t\t\t\t\t\t\t<i aria-hidden=\"true\" class=\"fas fa-check-circle\"><\/i>\t\t\t\t\t\t<\/span>\n\t\t\t\t\t\t\t\t\t\t<span class=\"elementor-icon-list-text\">3 g de mati\u00e8res grasses par portion<\/span>\n\t\t\t\t\t\t\t\t\t<\/li>\n\t\t\t\t\t\t\t\t<li class=\"elementor-icon-list-item\">\n\t\t\t\t\t\t\t\t\t\t\t<span class=\"elementor-icon-list-icon\">\n\t\t\t\t\t\t\t<i aria-hidden=\"true\" class=\"fas fa-check-circle\"><\/i>\t\t\t\t\t\t<\/span>\n\t\t\t\t\t\t\t\t\t\t<span class=\"elementor-icon-list-text\">20 g prot\u00e9ines par portion<\/span>\n\t\t\t\t\t\t\t\t\t<\/li>\n\t\t\t\t\t\t\t\t<li class=\"elementor-icon-list-item\">\n\t\t\t\t\t\t\t\t\t\t\t<span class=\"elementor-icon-list-icon\">\n\t\t\t\t\t\t\t<i aria-hidden=\"true\" class=\"fas fa-check-circle\"><\/i>\t\t\t\t\t\t<\/span>\n\t\t\t\t\t\t\t\t\t\t<span class=\"elementor-icon-list-text\">Sans gluten<\/span>\n\t\t\t\t\t\t\t\t\t<\/li>\n\t\t\t\t\t\t<\/ul>\n\t\t\t\t\t\t<\/div>\n\t\t\t\t<\/div>\n\t\t\t\t\t<\/div>\n\t\t<\/div>\n\t\t\t\t\t<\/div>\n\t\t<\/section>\n\t\t\t\t<section class=\"elementor-section elementor-top-section elementor-element elementor-element-3c6a706 elementor-section-boxed elementor-section-height-default elementor-section-height-default\" data-id=\"3c6a706\" data-element_type=\"section\" data-e-type=\"section\" data-settings=\"{&quot;background_background&quot;:&quot;classic&quot;}\">\n\t\t\t\t\t\t<div class=\"elementor-container elementor-column-gap-wider\">\n\t\t\t\t\t<div class=\"elementor-column elementor-col-50 elementor-top-column elementor-element elementor-element-f81c5a3\" data-id=\"f81c5a3\" data-element_type=\"column\" data-e-type=\"column\">\n\t\t\t<div class=\"elementor-widget-wrap elementor-element-populated\">\n\t\t\t\t\t\t<div class=\"elementor-element elementor-element-cb6a1e1 elementor-widget elementor-widget-image\" data-id=\"cb6a1e1\" data-element_type=\"widget\" data-e-type=\"widget\" loading=\"lazy\" data-widget_type=\"image.default\">\n\t\t\t\t<div class=\"elementor-widget-container\">\n\t\t\t\t\t\t\t\t\t\t\t\t\t\t\t\t<a href=\"https:\/\/freshadditions.ca\/wp-content\/uploads\/2025\/07\/FA-Steak-Bites-6-pack-CDN.png\" data-elementor-open-lightbox=\"yes\" data-elementor-lightbox-title=\"Emballage bouch\u00e9es de steak, paquet de 6 Fresh Additions\" data-e-action-hash=\"#elementor-action%3Aaction%3Dlightbox%26settings%3DeyJpZCI6MzI5NSwidXJsIjoiaHR0cHM6XC9cL2ZyZXNoYWRkaXRpb25zLmNhXC93cC1jb250ZW50XC91cGxvYWRzXC8yMDI1XC8wN1wvRkEtU3RlYWstQml0ZXMtNi1wYWNrLUNETi5wbmcifQ%3D%3D\">\n\t\t\t\t\t\t\t<img decoding=\"async\" width=\"1600\" height=\"1410\" src=\"https:\/\/freshadditions.ca\/wp-content\/uploads\/2025\/07\/FA-Steak-Bites-6-pack-CDN.png\" class=\"attachment-full size-full wp-image-3295\" alt=\"Emballage bouch\u00e9es de steak, paquet de 6 Fresh Additions\" srcset=\"https:\/\/freshadditions.ca\/wp-content\/uploads\/2025\/07\/FA-Steak-Bites-6-pack-CDN.png 1600w, https:\/\/freshadditions.ca\/wp-content\/uploads\/2025\/07\/FA-Steak-Bites-6-pack-CDN-300x264.png 300w, https:\/\/freshadditions.ca\/wp-content\/uploads\/2025\/07\/FA-Steak-Bites-6-pack-CDN-1024x902.png 1024w, https:\/\/freshadditions.ca\/wp-content\/uploads\/2025\/07\/FA-Steak-Bites-6-pack-CDN-768x677.png 768w, https:\/\/freshadditions.ca\/wp-content\/uploads\/2025\/07\/FA-Steak-Bites-6-pack-CDN-1536x1354.png 1536w\" sizes=\"(max-width: 1600px) 100vw, 1600px\" title=\"Emballage bouch\u00e9es de steak, paquet de 6 Fresh Additions\" \/>\t\t\t\t\t\t\t\t<\/a>\n\t\t\t\t\t\t\t\t\t\t\t\t\t\t\t<\/div>\n\t\t\t\t<\/div>\n\t\t\t\t<div class=\"elementor-element elementor-element-343cb20 elementor-widget elementor-widget-text-editor\" data-id=\"343cb20\" data-element_type=\"widget\" data-e-type=\"widget\" data-widget_type=\"text-editor.default\">\n\t\t\t\t<div class=\"elementor-widget-container\">\n\t\t\t\t\t\t\t\t\tCliquez pour agrandir.\t\t\t\t\t\t\t\t<\/div>\n\t\t\t\t<\/div>\n\t\t\t\t\t<\/div>\n\t\t<\/div>\n\t\t\t\t<div class=\"elementor-column elementor-col-50 elementor-top-column elementor-element elementor-element-28a891a\" data-id=\"28a891a\" data-element_type=\"column\" data-e-type=\"column\">\n\t\t\t<div class=\"elementor-widget-wrap elementor-element-populated\">\n\t\t\t\t\t\t<div class=\"elementor-element elementor-element-0632ea3 elementor-widget elementor-widget-image\" data-id=\"0632ea3\" data-element_type=\"widget\" data-e-type=\"widget\" loading=\"lazy\" data-widget_type=\"image.default\">\n\t\t\t\t<div class=\"elementor-widget-container\">\n\t\t\t\t\t\t\t\t\t\t\t\t\t\t\t\t<a href=\"https:\/\/freshadditions.ca\/wp-content\/uploads\/2025\/07\/FA-Steak-Bites-NFT-CDN.png\" data-elementor-open-lightbox=\"yes\" data-elementor-lightbox-title=\"Tableau nutritionnel des bouch\u00e9es de steak Fresh Additions\" data-e-action-hash=\"#elementor-action%3Aaction%3Dlightbox%26settings%3DeyJpZCI6MzI5NywidXJsIjoiaHR0cHM6XC9cL2ZyZXNoYWRkaXRpb25zLmNhXC93cC1jb250ZW50XC91cGxvYWRzXC8yMDI1XC8wN1wvRkEtU3RlYWstQml0ZXMtTkZULUNETi5wbmcifQ%3D%3D\">\n\t\t\t\t\t\t\t<img decoding=\"async\" width=\"644\" height=\"940\" src=\"https:\/\/freshadditions.ca\/wp-content\/uploads\/2025\/07\/FA-Steak-Bites-NFT-CDN.png\" class=\"attachment-full size-full wp-image-3297\" alt=\"Tableau nutritionnel des bouch\u00e9es de steak Fresh Additions\" srcset=\"https:\/\/freshadditions.ca\/wp-content\/uploads\/2025\/07\/FA-Steak-Bites-NFT-CDN.png 644w, https:\/\/freshadditions.ca\/wp-content\/uploads\/2025\/07\/FA-Steak-Bites-NFT-CDN-206x300.png 206w\" sizes=\"(max-width: 644px) 100vw, 644px\" title=\"Tableau nutritionnel des bouch\u00e9es de steak Fresh Additions\" \/>\t\t\t\t\t\t\t\t<\/a>\n\t\t\t\t\t\t\t\t\t\t\t\t\t\t\t<\/div>\n\t\t\t\t<\/div>\n\t\t\t\t<div class=\"elementor-element elementor-element-c12781d elementor-widget elementor-widget-text-editor\" data-id=\"c12781d\" data-element_type=\"widget\" data-e-type=\"widget\" data-widget_type=\"text-editor.default\">\n\t\t\t\t<div class=\"elementor-widget-container\">\n\t\t\t\t\t\t\t\t\tCliquez pour agrandir.\t\t\t\t\t\t\t\t<\/div>\n\t\t\t\t<\/div>\n\t\t\t\t\t<\/div>\n\t\t<\/div>\n\t\t\t\t\t<\/div>\n\t\t<\/section>\n\t\t\t\t<\/div>\n\t\t","protected":false},"excerpt":{"rendered":"<p>BOUCH\u00c9ES DE STEAK ENTI\u00c8REMENT CUITES Ingr\u00e9dients : Boeuf, Eau, Vinaigre modifi\u00e9 avec sel de mer (poudre de vinaigre modifi\u00e9e, sel de mer), Saveur, Phosphates de sodium, Sel, Assaisonnement (saveur naturelle, sel, gras de boeuf), Assaisonnement (sel, sucres, [dextrose], oignon d\u00e9shydrat\u00e9, ail d\u00e9shydrat\u00e9, \u00b4pices et extraits d\u2019epic\u00e9s, saveur, papa\u00efne [maltodextrin, papa\u00efne, m\u00e9tabisulphite de sodium]). \u00c0 deguster [&hellip;]<\/p>\n","protected":false},"author":2,"featured_media":0,"parent":1396,"menu_order":4,"comment_status":"closed","ping_status":"closed","template":"","meta":{"site-sidebar-layout":"no-sidebar","site-content-layout":"page-builder","ast-site-content-layout":"full-width-container","site-content-style":"unboxed","site-sidebar-style":"unboxed","ast-global-header-display":"","ast-banner-title-visibility":"","ast-main-header-display":"","ast-hfb-above-header-display":"","ast-hfb-below-header-display":"","ast-hfb-mobile-header-display":"","site-post-title":"disabled","ast-breadcrumbs-content":"","ast-featured-img":"disabled","footer-sml-layout":"","ast-disable-related-posts":"","theme-transparent-header-meta":"enabled","adv-header-id-meta":"","stick-header-meta":"","header-above-stick-meta":"","header-main-stick-meta":"","header-below-stick-meta":"","astra-migrate-meta-layouts":"default","ast-page-background-enabled":"default","ast-page-background-meta":{"desktop":{"background-color":"","background-image":"","background-repeat":"repeat","background-position":"center center","background-size":"auto","background-attachment":"scroll","background-type":"","background-media":"","overlay-type":"","overlay-color":"","overlay-opacity":"","overlay-gradient":""},"tablet":{"background-color":"","background-image":"","background-repeat":"repeat","background-position":"center center","background-size":"auto","background-attachment":"scroll","background-type":"","background-media":"","overlay-type":"","overlay-color":"","overlay-opacity":"","overlay-gradient":""},"mobile":{"background-color":"","background-image":"","background-repeat":"repeat","background-position":"center center","background-size":"auto","background-attachment":"scroll","background-type":"","background-media":"","overlay-type":"","overlay-color":"","overlay-opacity":"","overlay-gradient":""}},"ast-content-background-meta":{"desktop":{"background-color":"var(--ast-global-color-5)","background-image":"","background-repeat":"repeat","background-position":"center center","background-size":"auto","background-attachment":"scroll","background-type":"","background-media":"","overlay-type":"","overlay-color":"","overlay-opacity":"","overlay-gradient":""},"tablet":{"background-color":"var(--ast-global-color-5)","background-image":"","background-repeat":"repeat","background-position":"center center","background-size":"auto","background-attachment":"scroll","background-type":"","background-media":"","overlay-type":"","overlay-color":"","overlay-opacity":"","overlay-gradient":""},"mobile":{"background-color":"var(--ast-global-color-5)","background-image":"","background-repeat":"repeat","background-position":"center center","background-size":"auto","background-attachment":"scroll","background-type":"","background-media":"","overlay-type":"","overlay-color":"","overlay-opacity":"","overlay-gradient":""}},"footnotes":""},"class_list":["post-3329","page","type-page","status-publish","hentry"],"yoast_head":"<!-- This site is optimized with the Yoast SEO plugin v27.2 - https:\/\/yoast.com\/product\/yoast-seo-wordpress\/ -->\n<title>Bouch\u00e9es de steak enti\u00e8rement cuites<\/title>\n<meta name=\"description\" content=\"Nos bouch\u00e9es de b\u0153uf enti\u00e8rement cuites sont faites de b\u0153uf nourri \u00e0 l&#039;herbe \u00e0 100 %, \u00e9lev\u00e9 sans antibiotiques et sans hormones ajout\u00e9es.\" \/>\n<meta name=\"robots\" content=\"index, follow, max-snippet:-1, max-image-preview:large, max-video-preview:-1\" \/>\n<link rel=\"canonical\" href=\"https:\/\/freshadditions.ca\/products\/steak-bites\/\" \/>\n<meta property=\"og:locale\" content=\"fr_FR\" \/>\n<meta property=\"og:type\" content=\"article\" \/>\n<meta property=\"og:title\" content=\"Bouch\u00e9es de steak enti\u00e8rement cuites\" \/>\n<meta property=\"og:description\" content=\"Nos bouch\u00e9es de b\u0153uf enti\u00e8rement cuites sont faites de b\u0153uf nourri \u00e0 l&#039;herbe \u00e0 100 %, \u00e9lev\u00e9 sans antibiotiques et sans hormones ajout\u00e9es.\" \/>\n<meta property=\"og:url\" content=\"https:\/\/freshadditions.ca\/products\/steak-bites\/\" \/>\n<meta property=\"og:site_name\" content=\"Fresh Additions\" \/>\n<meta property=\"article:modified_time\" content=\"2025-10-18T20:02:38+00:00\" \/>\n<meta property=\"og:image\" content=\"https:\/\/freshadditions.ca\/wp-content\/uploads\/elementor\/thumbs\/fresh-additions-steak-logo-800x724-E-rdbgyejcicykrza2f7brc8gtu78o0xmcatqv9cud2i.png\" \/>\n<meta name=\"twitter:card\" content=\"summary_large_image\" \/>\n<meta name=\"twitter:label1\" content=\"Dur\u00e9e de lecture estim\u00e9e\" \/>\n\t<meta name=\"twitter:data1\" content=\"2 minutes\" \/>\n<script type=\"application\/ld+json\" class=\"yoast-schema-graph\">{\"@context\":\"https:\/\/schema.org\",\"@graph\":[{\"@type\":\"WebPage\",\"@id\":\"https:\/\/freshadditions.ca\/products\/steak-bites\/\",\"url\":\"https:\/\/freshadditions.ca\/products\/steak-bites\/\",\"name\":\"Bouch\u00e9es de steak enti\u00e8rement cuites\",\"isPartOf\":{\"@id\":\"https:\/\/freshadditions.ca\/#website\"},\"primaryImageOfPage\":{\"@id\":\"https:\/\/freshadditions.ca\/products\/steak-bites\/#primaryimage\"},\"image\":{\"@id\":\"https:\/\/freshadditions.ca\/products\/steak-bites\/#primaryimage\"},\"thumbnailUrl\":\"https:\/\/freshadditions.ca\/wp-content\/uploads\/elementor\/thumbs\/fresh-additions-steak-logo-800x724-E-rdbgyejcicykrza2f7brc8gtu78o0xmcatqv9cud2i.png\",\"datePublished\":\"2025-07-30T20:27:05+00:00\",\"dateModified\":\"2025-10-18T20:02:38+00:00\",\"description\":\"Nos bouch\u00e9es de b\u0153uf enti\u00e8rement cuites sont faites de b\u0153uf nourri \u00e0 l'herbe \u00e0 100 %, \u00e9lev\u00e9 sans antibiotiques et sans hormones ajout\u00e9es.\",\"breadcrumb\":{\"@id\":\"https:\/\/freshadditions.ca\/products\/steak-bites\/#breadcrumb\"},\"inLanguage\":\"fr-FR\",\"potentialAction\":[{\"@type\":\"ReadAction\",\"target\":[\"https:\/\/freshadditions.ca\/products\/steak-bites\/\"]}]},{\"@type\":\"ImageObject\",\"inLanguage\":\"fr-FR\",\"@id\":\"https:\/\/freshadditions.ca\/products\/steak-bites\/#primaryimage\",\"url\":\"https:\/\/freshadditions.ca\/wp-content\/uploads\/elementor\/thumbs\/fresh-additions-steak-logo-800x724-E-rdbgyejcicykrza2f7brc8gtu78o0xmcatqv9cud2i.png\",\"contentUrl\":\"https:\/\/freshadditions.ca\/wp-content\/uploads\/elementor\/thumbs\/fresh-additions-steak-logo-800x724-E-rdbgyejcicykrza2f7brc8gtu78o0xmcatqv9cud2i.png\"},{\"@type\":\"BreadcrumbList\",\"@id\":\"https:\/\/freshadditions.ca\/products\/steak-bites\/#breadcrumb\",\"itemListElement\":[{\"@type\":\"ListItem\",\"position\":1,\"name\":\"Accueil\",\"item\":\"https:\/\/freshadditions.ca\/\"},{\"@type\":\"ListItem\",\"position\":2,\"name\":\"Nos produits\",\"item\":\"https:\/\/freshadditions.ca\/fr\/nos-produits\/\"},{\"@type\":\"ListItem\",\"position\":3,\"name\":\"Bouch\u00e9es de steak\"}]},{\"@type\":\"WebSite\",\"@id\":\"https:\/\/freshadditions.ca\/#website\",\"url\":\"https:\/\/freshadditions.ca\/\",\"name\":\"Fresh Additions\",\"description\":\"Pr\u00eates \u00e0 manger\",\"potentialAction\":[{\"@type\":\"SearchAction\",\"target\":{\"@type\":\"EntryPoint\",\"urlTemplate\":\"https:\/\/freshadditions.ca\/?s={search_term_string}\"},\"query-input\":{\"@type\":\"PropertyValueSpecification\",\"valueRequired\":true,\"valueName\":\"search_term_string\"}}],\"inLanguage\":\"fr-FR\"}]}<\/script>\n<!-- \/ Yoast SEO plugin. -->","yoast_head_json":{"title":"Bouch\u00e9es de steak enti\u00e8rement cuites","description":"Nos bouch\u00e9es de b\u0153uf enti\u00e8rement cuites sont faites de b\u0153uf nourri \u00e0 l'herbe \u00e0 100 %, \u00e9lev\u00e9 sans antibiotiques et sans hormones ajout\u00e9es.","robots":{"index":"index","follow":"follow","max-snippet":"max-snippet:-1","max-image-preview":"max-image-preview:large","max-video-preview":"max-video-preview:-1"},"canonical":"https:\/\/freshadditions.ca\/products\/steak-bites\/","og_locale":"fr_FR","og_type":"article","og_title":"Bouch\u00e9es de steak enti\u00e8rement cuites","og_description":"Nos bouch\u00e9es de b\u0153uf enti\u00e8rement cuites sont faites de b\u0153uf nourri \u00e0 l'herbe \u00e0 100 %, \u00e9lev\u00e9 sans antibiotiques et sans hormones ajout\u00e9es.","og_url":"https:\/\/freshadditions.ca\/products\/steak-bites\/","og_site_name":"Fresh Additions","article_modified_time":"2025-10-18T20:02:38+00:00","og_image":[{"url":"https:\/\/freshadditions.ca\/wp-content\/uploads\/elementor\/thumbs\/fresh-additions-steak-logo-800x724-E-rdbgyejcicykrza2f7brc8gtu78o0xmcatqv9cud2i.png","type":"","width":"","height":""}],"twitter_card":"summary_large_image","twitter_misc":{"Dur\u00e9e de lecture estim\u00e9e":"2 minutes"},"schema":{"@context":"https:\/\/schema.org","@graph":[{"@type":"WebPage","@id":"https:\/\/freshadditions.ca\/products\/steak-bites\/","url":"https:\/\/freshadditions.ca\/products\/steak-bites\/","name":"Bouch\u00e9es de steak enti\u00e8rement cuites","isPartOf":{"@id":"https:\/\/freshadditions.ca\/#website"},"primaryImageOfPage":{"@id":"https:\/\/freshadditions.ca\/products\/steak-bites\/#primaryimage"},"image":{"@id":"https:\/\/freshadditions.ca\/products\/steak-bites\/#primaryimage"},"thumbnailUrl":"https:\/\/freshadditions.ca\/wp-content\/uploads\/elementor\/thumbs\/fresh-additions-steak-logo-800x724-E-rdbgyejcicykrza2f7brc8gtu78o0xmcatqv9cud2i.png","datePublished":"2025-07-30T20:27:05+00:00","dateModified":"2025-10-18T20:02:38+00:00","description":"Nos bouch\u00e9es de b\u0153uf enti\u00e8rement cuites sont faites de b\u0153uf nourri \u00e0 l'herbe \u00e0 100 %, \u00e9lev\u00e9 sans antibiotiques et sans hormones ajout\u00e9es.","breadcrumb":{"@id":"https:\/\/freshadditions.ca\/products\/steak-bites\/#breadcrumb"},"inLanguage":"fr-FR","potentialAction":[{"@type":"ReadAction","target":["https:\/\/freshadditions.ca\/products\/steak-bites\/"]}]},{"@type":"ImageObject","inLanguage":"fr-FR","@id":"https:\/\/freshadditions.ca\/products\/steak-bites\/#primaryimage","url":"https:\/\/freshadditions.ca\/wp-content\/uploads\/elementor\/thumbs\/fresh-additions-steak-logo-800x724-E-rdbgyejcicykrza2f7brc8gtu78o0xmcatqv9cud2i.png","contentUrl":"https:\/\/freshadditions.ca\/wp-content\/uploads\/elementor\/thumbs\/fresh-additions-steak-logo-800x724-E-rdbgyejcicykrza2f7brc8gtu78o0xmcatqv9cud2i.png"},{"@type":"BreadcrumbList","@id":"https:\/\/freshadditions.ca\/products\/steak-bites\/#breadcrumb","itemListElement":[{"@type":"ListItem","position":1,"name":"Accueil","item":"https:\/\/freshadditions.ca\/"},{"@type":"ListItem","position":2,"name":"Nos produits","item":"https:\/\/freshadditions.ca\/fr\/nos-produits\/"},{"@type":"ListItem","position":3,"name":"Bouch\u00e9es de steak"}]},{"@type":"WebSite","@id":"https:\/\/freshadditions.ca\/#website","url":"https:\/\/freshadditions.ca\/","name":"Fresh Additions","description":"Pr\u00eates \u00e0 manger","potentialAction":[{"@type":"SearchAction","target":{"@type":"EntryPoint","urlTemplate":"https:\/\/freshadditions.ca\/?s={search_term_string}"},"query-input":{"@type":"PropertyValueSpecification","valueRequired":true,"valueName":"search_term_string"}}],"inLanguage":"fr-FR"}]}},"_links":{"self":[{"href":"https:\/\/freshadditions.ca\/fr\/wp-json\/wp\/v2\/pages\/3329","targetHints":{"allow":["GET"]}}],"collection":[{"href":"https:\/\/freshadditions.ca\/fr\/wp-json\/wp\/v2\/pages"}],"about":[{"href":"https:\/\/freshadditions.ca\/fr\/wp-json\/wp\/v2\/types\/page"}],"author":[{"embeddable":true,"href":"https:\/\/freshadditions.ca\/fr\/wp-json\/wp\/v2\/users\/2"}],"replies":[{"embeddable":true,"href":"https:\/\/freshadditions.ca\/fr\/wp-json\/wp\/v2\/comments?post=3329"}],"version-history":[{"count":25,"href":"https:\/\/freshadditions.ca\/fr\/wp-json\/wp\/v2\/pages\/3329\/revisions"}],"predecessor-version":[{"id":3512,"href":"https:\/\/freshadditions.ca\/fr\/wp-json\/wp\/v2\/pages\/3329\/revisions\/3512"}],"up":[{"embeddable":true,"href":"https:\/\/freshadditions.ca\/fr\/wp-json\/wp\/v2\/pages\/1396"}],"wp:attachment":[{"href":"https:\/\/freshadditions.ca\/fr\/wp-json\/wp\/v2\/media?parent=3329"}],"curies":[{"name":"wp","href":"https:\/\/api.w.org\/{rel}","templated":true}]}}