{"id":1408,"date":"2020-10-14T04:24:49","date_gmt":"2020-10-14T08:24:49","guid":{"rendered":"http:\/\/freshadditions.ca\/home\/"},"modified":"2025-10-18T16:09:41","modified_gmt":"2025-10-18T20:09:41","slug":"accueil","status":"publish","type":"page","link":"https:\/\/freshadditions.ca\/fr\/","title":{"rendered":"Accueil"},"content":{"rendered":"\t\t<div data-elementor-type=\"wp-page\" data-elementor-id=\"1408\" class=\"elementor elementor-1408 elementor-381\" data-elementor-post-type=\"page\">\n\t\t\t\t\t\t<section class=\"elementor-section elementor-top-section elementor-element elementor-element-ca149a9 elementor-section-content-top elementor-reverse-mobile elementor-section-boxed elementor-section-height-default elementor-section-height-default\" data-id=\"ca149a9\" data-element_type=\"section\" data-e-type=\"section\">\n\t\t\t\t\t\t<div class=\"elementor-container elementor-column-gap-default\">\n\t\t\t\t\t<div class=\"elementor-column elementor-col-50 elementor-top-column elementor-element elementor-element-beb6b95\" data-id=\"beb6b95\" data-element_type=\"column\" data-e-type=\"column\">\n\t\t\t<div class=\"elementor-widget-wrap elementor-element-populated\">\n\t\t\t\t\t\t<div class=\"elementor-element elementor-element-a924c19 elementor-widget elementor-widget-image\" data-id=\"a924c19\" data-element_type=\"widget\" data-e-type=\"widget\" data-widget_type=\"image.default\">\n\t\t\t\t<div class=\"elementor-widget-container\">\n\t\t\t\t\t\t\t\t\t\t\t\t\t\t\t<img decoding=\"async\" src=\"https:\/\/freshadditions.ca\/wp-content\/uploads\/elementor\/thumbs\/fresh-additions-chicken-ready-to-eat-logo-800x724-F-rdbhbpx19o90p1e9ntfjzfchrjbhp9x7yti4t1wgu0.png\" title=\"Logo du poulet pr\u00eat \u00e0 manger Fresh Additions\" alt=\"Logo du poulet pr\u00eat \u00e0 manger Fresh Additions\" loading=\"lazy\" \/>\t\t\t\t\t\t\t\t\t\t\t\t\t\t\t<\/div>\n\t\t\t\t<\/div>\n\t\t\t\t<div class=\"elementor-element elementor-element-c9affbb elementor-widget elementor-widget-heading\" data-id=\"c9affbb\" data-element_type=\"widget\" data-e-type=\"widget\" data-widget_type=\"heading.default\">\n\t\t\t\t<div class=\"elementor-widget-container\">\n\t\t\t\t\t<h1 class=\"elementor-heading-title elementor-size-default\">TOUT A D\u00c9BUT\u00c9 AVEC NOS BOUCH\u00c9ES DE POITRINE DE POULET... FRESH ADDITIONS<\/h1>\t\t\t\t<\/div>\n\t\t\t\t<\/div>\n\t\t\t\t<div class=\"elementor-element elementor-element-74a82a2 elementor-widget elementor-widget-text-editor\" data-id=\"74a82a2\" data-element_type=\"widget\" data-e-type=\"widget\" data-widget_type=\"text-editor.default\">\n\t\t\t\t<div class=\"elementor-widget-container\">\n\t\t\t\t\t\t\t\t\t<p class=\"\">Recherchez-vous une option saine pour votre prochaine collation ou pour ajouter \u00e0 une recette? Essayez notre vari\u00e9t\u00e9 de BOUCH\u00c9ES DE POULET, une bonne source de prot\u00e9ines maigres.<\/p><p class=\"\">Nos BOUCH\u00c9ES DE POULET enti\u00e8rement cuites sont faites avec des ingr\u00e9dients naturels et grill\u00e9es \u00e0 la flamme pour de savoureuses BOUCH\u00c9ES comme go\u00fbter, ou pour ajouter \u00e0 vos plats pr\u00e9f\u00e9r\u00e9s, comme la salade ou les p\u00e2tes.<\/p><p class=\"\">Nos BOUCH\u00c9ES DE POULET sont offertes en paquet de 10 bouch\u00e9es que vous pouvez s\u00e9parer en collations individuelles. Glissez-les dans les sacs \u00e0 lunch de vos enfants comme collation FRESH ADDITIONS, ou pr\u00e9parez-leur des bouch\u00e9es FRESH ADDITIONS lors de votre prochain repas.<\/p>\t\t\t\t\t\t\t\t<\/div>\n\t\t\t\t<\/div>\n\t\t\t\t<div class=\"elementor-element elementor-element-b212e01 elementor-align-left elementor-mobile-align-left elementor-widget elementor-widget-button\" data-id=\"b212e01\" data-element_type=\"widget\" data-e-type=\"widget\" data-widget_type=\"button.default\">\n\t\t\t\t<div class=\"elementor-widget-container\">\n\t\t\t\t\t\t\t\t\t<div class=\"elementor-button-wrapper\">\n\t\t\t\t\t<a class=\"elementor-button elementor-button-link elementor-size-md\" href=\"https:\/\/freshadditions.ca\/fr\/nos-produits\/bouchees-de-poulet\/\" aria-label=\"Learn More\" title=\"Chicken Bites\">\n\t\t\t\t\t\t<span class=\"elementor-button-content-wrapper\">\n\t\t\t\t\t\t<span class=\"elementor-button-icon\">\n\t\t\t\t\t\t\t<\/span>\n\t\t\t\t\t\t\t\t\t<span class=\"elementor-button-text\">En savoir plus<\/span>\n\t\t\t\t\t<\/span>\n\t\t\t\t\t<\/a>\n\t\t\t\t<\/div>\n\t\t\t\t\t\t\t\t<\/div>\n\t\t\t\t<\/div>\n\t\t\t\t\t<\/div>\n\t\t<\/div>\n\t\t\t\t<div class=\"elementor-column elementor-col-50 elementor-top-column elementor-element elementor-element-27eb2bc\" data-id=\"27eb2bc\" data-element_type=\"column\" data-e-type=\"column\">\n\t\t\t<div class=\"elementor-widget-wrap elementor-element-populated\">\n\t\t\t\t\t\t<div class=\"elementor-element elementor-element-438803a elementor-widget elementor-widget-image\" data-id=\"438803a\" data-element_type=\"widget\" data-e-type=\"widget\" loading=\"lazy\" data-widget_type=\"image.default\">\n\t\t\t\t<div class=\"elementor-widget-container\">\n\t\t\t\t\t\t\t\t\t\t\t\t\t\t\t<img fetchpriority=\"high\" decoding=\"async\" width=\"550\" height=\"800\" src=\"https:\/\/freshadditions.ca\/wp-content\/uploads\/2024\/12\/chicken-bites-home.png\" class=\"attachment-full size-full wp-image-2863\" alt=\"Bouch\u00e9es de poulet Fresh Additions\" srcset=\"https:\/\/freshadditions.ca\/wp-content\/uploads\/2024\/12\/chicken-bites-home.png 550w, https:\/\/freshadditions.ca\/wp-content\/uploads\/2024\/12\/chicken-bites-home-206x300.png 206w\" sizes=\"(max-width: 550px) 100vw, 550px\" title=\"Bouch\u00e9es de poulet Fresh Additions\" \/>\t\t\t\t\t\t\t\t\t\t\t\t\t\t\t<\/div>\n\t\t\t\t<\/div>\n\t\t\t\t\t<\/div>\n\t\t<\/div>\n\t\t\t\t\t<\/div>\n\t\t<\/section>\n\t\t\t\t<section class=\"elementor-section elementor-top-section elementor-element elementor-element-d3f5c6a elementor-section-boxed elementor-section-height-default elementor-section-height-default\" data-id=\"d3f5c6a\" data-element_type=\"section\" data-e-type=\"section\">\n\t\t\t\t\t\t<div class=\"elementor-container elementor-column-gap-default\">\n\t\t\t\t\t<div class=\"elementor-column elementor-col-100 elementor-top-column elementor-element elementor-element-7670c69\" data-id=\"7670c69\" data-element_type=\"column\" data-e-type=\"column\">\n\t\t\t<div class=\"elementor-widget-wrap elementor-element-populated\">\n\t\t\t\t\t\t<div class=\"elementor-element elementor-element-f0d407e elementor-widget-divider--view-line elementor-widget elementor-widget-divider\" data-id=\"f0d407e\" data-element_type=\"widget\" data-e-type=\"widget\" data-widget_type=\"divider.default\">\n\t\t\t\t<div class=\"elementor-widget-container\">\n\t\t\t\t\t\t\t<div class=\"elementor-divider\">\n\t\t\t<span class=\"elementor-divider-separator\">\n\t\t\t\t\t\t<\/span>\n\t\t<\/div>\n\t\t\t\t\t\t<\/div>\n\t\t\t\t<\/div>\n\t\t\t\t\t<\/div>\n\t\t<\/div>\n\t\t\t\t\t<\/div>\n\t\t<\/section>\n\t\t\t\t<section class=\"elementor-section elementor-top-section elementor-element elementor-element-d0ef4d6 elementor-section-content-top elementor-reverse-mobile elementor-section-boxed elementor-section-height-default elementor-section-height-default\" data-id=\"d0ef4d6\" data-element_type=\"section\" data-e-type=\"section\">\n\t\t\t\t\t\t<div class=\"elementor-container elementor-column-gap-default\">\n\t\t\t\t\t<div class=\"elementor-column elementor-col-50 elementor-top-column elementor-element elementor-element-2873d14\" data-id=\"2873d14\" data-element_type=\"column\" data-e-type=\"column\">\n\t\t\t<div class=\"elementor-widget-wrap elementor-element-populated\">\n\t\t\t\t\t\t<div class=\"elementor-element elementor-element-9564bed elementor-widget elementor-widget-image\" data-id=\"9564bed\" data-element_type=\"widget\" data-e-type=\"widget\" data-widget_type=\"image.default\">\n\t\t\t\t<div class=\"elementor-widget-container\">\n\t\t\t\t\t\t\t\t\t\t\t\t\t\t\t<img decoding=\"async\" src=\"https:\/\/freshadditions.ca\/wp-content\/uploads\/elementor\/thumbs\/fresh-additions-steak-ready-to-eat-logo-800x724-F-rdbhe69v43lz0dtxbvmhht1tlr7zstnzmytrx29gl4.png\" title=\"Logo du steak pr\u00eat \u00e0 manger Fresh Additions\" alt=\"Logo du steak pr\u00eat \u00e0 manger Fresh Additions\" loading=\"lazy\" \/>\t\t\t\t\t\t\t\t\t\t\t\t\t\t\t<\/div>\n\t\t\t\t<\/div>\n\t\t\t\t<div class=\"elementor-element elementor-element-cb6a5f1 elementor-widget elementor-widget-heading\" data-id=\"cb6a5f1\" data-element_type=\"widget\" data-e-type=\"widget\" data-widget_type=\"heading.default\">\n\t\t\t\t<div class=\"elementor-widget-container\">\n\t\t\t\t\t<h1 class=\"elementor-heading-title elementor-size-default\">BOUCH\u00c9ES DE STEAK ENTI\u00c8REMENT CUITES<\/h1>\t\t\t\t<\/div>\n\t\t\t\t<\/div>\n\t\t\t\t<div class=\"elementor-element elementor-element-c35ee05 elementor-widget elementor-widget-text-editor\" data-id=\"c35ee05\" data-element_type=\"widget\" data-e-type=\"widget\" data-widget_type=\"text-editor.default\">\n\t\t\t\t<div class=\"elementor-widget-container\">\n\t\t\t\t\t\t\t\t\t<p>Nos BOUCH\u00c9ES DE STEAK enti\u00e8rement cuites sont faites de b\u0153uf nourri \u00e0 l&rsquo;herbe \u00e0 100 %, \u00e9lev\u00e9 sans antibiotiques et sans hormones ajout\u00e9es. Nos BOUCH\u00c9ES DE STEAK sont grill\u00e9es au feu, ce qui vous donne des BOUCH\u00c9ES savoureuses \u00e0 grignoter ou \u00e0 ajouter \u00e0 vos plats pr\u00e9f\u00e9r\u00e9s comme les salades, les saut\u00e9s ou les nachos.<\/p>\n\t\t\t\t\t\t\t\t<\/div>\n\t\t\t\t<\/div>\n\t\t\t\t<div class=\"elementor-element elementor-element-5f5300b elementor-widget elementor-widget-text-editor\" data-id=\"5f5300b\" data-element_type=\"widget\" data-e-type=\"widget\" data-widget_type=\"text-editor.default\">\n\t\t\t\t<div class=\"elementor-widget-container\">\n\t\t\t\t\t\t\t\t\t<p>Nos BOUCH\u00c9ES DE STEAK sont offertes dans un emballage pratique de 6 unit\u00e9s que vous pouvez s\u00e9parer en paquets de collations individuels. Mettez-les dans le sac \u00e0 lunch de vos enfants comme option de grignotage FRESH ADDITIONS, ou faites-en un FRESH ADDITIONS \u00e0 votre prochain repas !<\/p>\n\t\t\t\t\t\t\t\t<\/div>\n\t\t\t\t<\/div>\n\t\t\t\t<div class=\"elementor-element elementor-element-7423826 elementor-align-left elementor-mobile-align-left elementor-widget elementor-widget-button\" data-id=\"7423826\" data-element_type=\"widget\" data-e-type=\"widget\" data-widget_type=\"button.default\">\n\t\t\t\t<div class=\"elementor-widget-container\">\n\t\t\t\t\t\t\t\t\t<div class=\"elementor-button-wrapper\">\n\t\t\t\t\t<a class=\"elementor-button elementor-button-link elementor-size-md\" href=\"https:\/\/freshadditions.ca\/fr\/nos-produits\/bouchees-de-steak\/\" aria-label=\"Learn More\" title=\"Steak Bites\">\n\t\t\t\t\t\t<span class=\"elementor-button-content-wrapper\">\n\t\t\t\t\t\t<span class=\"elementor-button-icon\">\n\t\t\t\t\t\t\t<\/span>\n\t\t\t\t\t\t\t\t\t<span class=\"elementor-button-text\">En savoir plus<\/span>\n\t\t\t\t\t<\/span>\n\t\t\t\t\t<\/a>\n\t\t\t\t<\/div>\n\t\t\t\t\t\t\t\t<\/div>\n\t\t\t\t<\/div>\n\t\t\t\t\t<\/div>\n\t\t<\/div>\n\t\t\t\t<div class=\"elementor-column elementor-col-50 elementor-top-column elementor-element elementor-element-6cddc32\" data-id=\"6cddc32\" data-element_type=\"column\" data-e-type=\"column\">\n\t\t\t<div class=\"elementor-widget-wrap elementor-element-populated\">\n\t\t\t\t\t\t<div class=\"elementor-element elementor-element-c77d7bc elementor-widget elementor-widget-image\" data-id=\"c77d7bc\" data-element_type=\"widget\" data-e-type=\"widget\" loading=\"lazy\" data-widget_type=\"image.default\">\n\t\t\t\t<div class=\"elementor-widget-container\">\n\t\t\t\t\t\t\t\t\t\t\t\t\t\t\t<img decoding=\"async\" width=\"440\" height=\"440\" src=\"https:\/\/freshadditions.ca\/wp-content\/uploads\/2025\/08\/steak-bites-1.png\" class=\"attachment-full size-full wp-image-3441\" alt=\"Bouch\u00e9es de steak de Fresh Additions\" srcset=\"https:\/\/freshadditions.ca\/wp-content\/uploads\/2025\/08\/steak-bites-1.png 440w, https:\/\/freshadditions.ca\/wp-content\/uploads\/2025\/08\/steak-bites-1-300x300.png 300w, https:\/\/freshadditions.ca\/wp-content\/uploads\/2025\/08\/steak-bites-1-150x150.png 150w\" sizes=\"(max-width: 440px) 100vw, 440px\" title=\"Bouch\u00e9es de steak de Fresh Additions\" \/>\t\t\t\t\t\t\t\t\t\t\t\t\t\t\t<\/div>\n\t\t\t\t<\/div>\n\t\t\t\t\t<\/div>\n\t\t<\/div>\n\t\t\t\t\t<\/div>\n\t\t<\/section>\n\t\t\t\t<\/div>\n\t\t","protected":false},"excerpt":{"rendered":"<p>TOUT A D\u00c9BUT\u00c9 AVEC NOS BOUCH\u00c9ES DE POITRINE DE POULET&#8230; FRESH ADDITIONS Recherchez-vous une option saine pour votre prochaine collation ou pour ajouter \u00e0 une recette? Essayez notre vari\u00e9t\u00e9 de BOUCH\u00c9ES DE POULET, une bonne source de prot\u00e9ines maigres. Nos BOUCH\u00c9ES DE POULET enti\u00e8rement cuites sont faites avec des ingr\u00e9dients naturels et grill\u00e9es \u00e0 la [&hellip;]<\/p>\n","protected":false},"author":2,"featured_media":0,"parent":0,"menu_order":1,"comment_status":"closed","ping_status":"closed","template":"","meta":{"site-sidebar-layout":"no-sidebar","site-content-layout":"page-builder","ast-site-content-layout":"default","site-content-style":"default","site-sidebar-style":"default","ast-global-header-display":"","ast-banner-title-visibility":"","ast-main-header-display":"","ast-hfb-above-header-display":"","ast-hfb-below-header-display":"","ast-hfb-mobile-header-display":"","site-post-title":"disabled","ast-breadcrumbs-content":"","ast-featured-img":"disabled","footer-sml-layout":"","ast-disable-related-posts":"","theme-transparent-header-meta":"enabled","adv-header-id-meta":"","stick-header-meta":"","header-above-stick-meta":"","header-main-stick-meta":"","header-below-stick-meta":"","astra-migrate-meta-layouts":"default","ast-page-background-enabled":"default","ast-page-background-meta":{"desktop":{"background-color":"","background-image":"","background-repeat":"repeat","background-position":"center center","background-size":"auto","background-attachment":"scroll","background-type":"","background-media":"","overlay-type":"","overlay-color":"","overlay-opacity":"","overlay-gradient":""},"tablet":{"background-color":"","background-image":"","background-repeat":"repeat","background-position":"center center","background-size":"auto","background-attachment":"scroll","background-type":"","background-media":"","overlay-type":"","overlay-color":"","overlay-opacity":"","overlay-gradient":""},"mobile":{"background-color":"","background-image":"","background-repeat":"repeat","background-position":"center center","background-size":"auto","background-attachment":"scroll","background-type":"","background-media":"","overlay-type":"","overlay-color":"","overlay-opacity":"","overlay-gradient":""}},"ast-content-background-meta":{"desktop":{"background-color":"var(--ast-global-color-5)","background-image":"","background-repeat":"repeat","background-position":"center center","background-size":"auto","background-attachment":"scroll","background-type":"","background-media":"","overlay-type":"","overlay-color":"","overlay-opacity":"","overlay-gradient":""},"tablet":{"background-color":"var(--ast-global-color-5)","background-image":"","background-repeat":"repeat","background-position":"center center","background-size":"auto","background-attachment":"scroll","background-type":"","background-media":"","overlay-type":"","overlay-color":"","overlay-opacity":"","overlay-gradient":""},"mobile":{"background-color":"var(--ast-global-color-5)","background-image":"","background-repeat":"repeat","background-position":"center center","background-size":"auto","background-attachment":"scroll","background-type":"","background-media":"","overlay-type":"","overlay-color":"","overlay-opacity":"","overlay-gradient":""}},"footnotes":""},"class_list":["post-1408","page","type-page","status-publish","hentry"],"yoast_head":"<!-- This site is optimized with the Yoast SEO plugin v27.4 - https:\/\/yoast.com\/product\/yoast-seo-wordpress\/ -->\n<title>Pr\u00eat \u00e0 \u00eatre consomm\u00e9 - pour votre prochain en-cas ou l&#039;ajout d&#039;une recette - Fresh Additions<\/title>\n<meta name=\"description\" content=\"Pour votre prochaine collation ou l&#039;ajout d&#039;une recette ? Essayez notre vari\u00e9t\u00e9 de bouch\u00e9es de poulet, de lani\u00e8res de poulet et de portions de poitrine de poulet - pr\u00eates \u00e0 consommer.\" \/>\n<meta name=\"robots\" content=\"index, follow, max-snippet:-1, max-image-preview:large, max-video-preview:-1\" \/>\n<link rel=\"canonical\" href=\"https:\/\/freshadditions.ca\/\" \/>\n<meta property=\"og:locale\" content=\"fr_FR\" \/>\n<meta property=\"og:type\" content=\"article\" \/>\n<meta property=\"og:title\" content=\"Pr\u00eat \u00e0 \u00eatre consomm\u00e9 - pour votre prochain en-cas ou l&#039;ajout d&#039;une recette - Fresh Additions\" \/>\n<meta property=\"og:description\" content=\"Pour votre prochaine collation ou l&#039;ajout d&#039;une recette ? Essayez notre vari\u00e9t\u00e9 de bouch\u00e9es de poulet, de lani\u00e8res de poulet et de portions de poitrine de poulet - pr\u00eates \u00e0 consommer.\" \/>\n<meta property=\"og:url\" content=\"https:\/\/freshadditions.ca\/\" \/>\n<meta property=\"og:site_name\" content=\"Fresh Additions\" \/>\n<meta property=\"article:modified_time\" content=\"2025-10-18T20:09:41+00:00\" \/>\n<meta property=\"og:image\" content=\"https:\/\/freshadditions.ca\/wp-content\/uploads\/elementor\/thumbs\/fresh-additions-chicken-logo-800x724-E-rdbgw5p84ey4hg00j39wpcprpw0q9o575soqs4z3uq.png\" \/>\n<meta name=\"twitter:card\" content=\"summary_large_image\" \/>\n<meta name=\"twitter:label1\" content=\"Dur\u00e9e de lecture estim\u00e9e\" \/>\n\t<meta name=\"twitter:data1\" content=\"2 minutes\" \/>\n<script type=\"application\/ld+json\" class=\"yoast-schema-graph\">{\"@context\":\"https:\\\/\\\/schema.org\",\"@graph\":[{\"@type\":\"WebPage\",\"@id\":\"https:\\\/\\\/freshadditions.ca\\\/\",\"url\":\"https:\\\/\\\/freshadditions.ca\\\/\",\"name\":\"Pr\u00eat \u00e0 \u00eatre consomm\u00e9 - pour votre prochain en-cas ou l'ajout d'une recette - Fresh Additions\",\"isPartOf\":{\"@id\":\"https:\\\/\\\/freshadditions.ca\\\/#website\"},\"primaryImageOfPage\":{\"@id\":\"https:\\\/\\\/freshadditions.ca\\\/#primaryimage\"},\"image\":{\"@id\":\"https:\\\/\\\/freshadditions.ca\\\/#primaryimage\"},\"thumbnailUrl\":\"https:\\\/\\\/freshadditions.ca\\\/wp-content\\\/uploads\\\/elementor\\\/thumbs\\\/fresh-additions-chicken-logo-800x724-E-rdbgw5p84ey4hg00j39wpcprpw0q9o575soqs4z3uq.png\",\"datePublished\":\"2020-10-14T08:24:49+00:00\",\"dateModified\":\"2025-10-18T20:09:41+00:00\",\"description\":\"Pour votre prochaine collation ou l'ajout d'une recette ? Essayez notre vari\u00e9t\u00e9 de bouch\u00e9es de poulet, de lani\u00e8res de poulet et de portions de poitrine de poulet - pr\u00eates \u00e0 consommer.\",\"breadcrumb\":{\"@id\":\"https:\\\/\\\/freshadditions.ca\\\/#breadcrumb\"},\"inLanguage\":\"fr-FR\",\"potentialAction\":[{\"@type\":\"ReadAction\",\"target\":[\"https:\\\/\\\/freshadditions.ca\\\/\"]}]},{\"@type\":\"ImageObject\",\"inLanguage\":\"fr-FR\",\"@id\":\"https:\\\/\\\/freshadditions.ca\\\/#primaryimage\",\"url\":\"https:\\\/\\\/freshadditions.ca\\\/wp-content\\\/uploads\\\/elementor\\\/thumbs\\\/fresh-additions-chicken-logo-800x724-E-rdbgw5p84ey4hg00j39wpcprpw0q9o575soqs4z3uq.png\",\"contentUrl\":\"https:\\\/\\\/freshadditions.ca\\\/wp-content\\\/uploads\\\/elementor\\\/thumbs\\\/fresh-additions-chicken-logo-800x724-E-rdbgw5p84ey4hg00j39wpcprpw0q9o575soqs4z3uq.png\"},{\"@type\":\"BreadcrumbList\",\"@id\":\"https:\\\/\\\/freshadditions.ca\\\/#breadcrumb\",\"itemListElement\":[{\"@type\":\"ListItem\",\"position\":1,\"name\":\"Accueil\",\"item\":\"https:\\\/\\\/freshadditions.ca\\\/\"},{\"@type\":\"ListItem\",\"position\":2,\"name\":\"Accueil\"}]},{\"@type\":\"WebSite\",\"@id\":\"https:\\\/\\\/freshadditions.ca\\\/#website\",\"url\":\"https:\\\/\\\/freshadditions.ca\\\/\",\"name\":\"Fresh Additions\",\"description\":\"Pr\u00eates \u00e0 manger\",\"potentialAction\":[{\"@type\":\"SearchAction\",\"target\":{\"@type\":\"EntryPoint\",\"urlTemplate\":\"https:\\\/\\\/freshadditions.ca\\\/?s={search_term_string}\"},\"query-input\":{\"@type\":\"PropertyValueSpecification\",\"valueRequired\":true,\"valueName\":\"search_term_string\"}}],\"inLanguage\":\"fr-FR\"}]}<\/script>\n<!-- \/ Yoast SEO plugin. -->","yoast_head_json":{"title":"Pr\u00eat \u00e0 \u00eatre consomm\u00e9 - pour votre prochain en-cas ou l'ajout d'une recette - Fresh Additions","description":"Pour votre prochaine collation ou l'ajout d'une recette ? Essayez notre vari\u00e9t\u00e9 de bouch\u00e9es de poulet, de lani\u00e8res de poulet et de portions de poitrine de poulet - pr\u00eates \u00e0 consommer.","robots":{"index":"index","follow":"follow","max-snippet":"max-snippet:-1","max-image-preview":"max-image-preview:large","max-video-preview":"max-video-preview:-1"},"canonical":"https:\/\/freshadditions.ca\/","og_locale":"fr_FR","og_type":"article","og_title":"Pr\u00eat \u00e0 \u00eatre consomm\u00e9 - pour votre prochain en-cas ou l'ajout d'une recette - Fresh Additions","og_description":"Pour votre prochaine collation ou l'ajout d'une recette ? Essayez notre vari\u00e9t\u00e9 de bouch\u00e9es de poulet, de lani\u00e8res de poulet et de portions de poitrine de poulet - pr\u00eates \u00e0 consommer.","og_url":"https:\/\/freshadditions.ca\/","og_site_name":"Fresh Additions","article_modified_time":"2025-10-18T20:09:41+00:00","og_image":[{"url":"https:\/\/freshadditions.ca\/wp-content\/uploads\/elementor\/thumbs\/fresh-additions-chicken-logo-800x724-E-rdbgw5p84ey4hg00j39wpcprpw0q9o575soqs4z3uq.png","type":"","width":"","height":""}],"twitter_card":"summary_large_image","twitter_misc":{"Dur\u00e9e de lecture estim\u00e9e":"2 minutes"},"schema":{"@context":"https:\/\/schema.org","@graph":[{"@type":"WebPage","@id":"https:\/\/freshadditions.ca\/","url":"https:\/\/freshadditions.ca\/","name":"Pr\u00eat \u00e0 \u00eatre consomm\u00e9 - pour votre prochain en-cas ou l'ajout d'une recette - Fresh Additions","isPartOf":{"@id":"https:\/\/freshadditions.ca\/#website"},"primaryImageOfPage":{"@id":"https:\/\/freshadditions.ca\/#primaryimage"},"image":{"@id":"https:\/\/freshadditions.ca\/#primaryimage"},"thumbnailUrl":"https:\/\/freshadditions.ca\/wp-content\/uploads\/elementor\/thumbs\/fresh-additions-chicken-logo-800x724-E-rdbgw5p84ey4hg00j39wpcprpw0q9o575soqs4z3uq.png","datePublished":"2020-10-14T08:24:49+00:00","dateModified":"2025-10-18T20:09:41+00:00","description":"Pour votre prochaine collation ou l'ajout d'une recette ? Essayez notre vari\u00e9t\u00e9 de bouch\u00e9es de poulet, de lani\u00e8res de poulet et de portions de poitrine de poulet - pr\u00eates \u00e0 consommer.","breadcrumb":{"@id":"https:\/\/freshadditions.ca\/#breadcrumb"},"inLanguage":"fr-FR","potentialAction":[{"@type":"ReadAction","target":["https:\/\/freshadditions.ca\/"]}]},{"@type":"ImageObject","inLanguage":"fr-FR","@id":"https:\/\/freshadditions.ca\/#primaryimage","url":"https:\/\/freshadditions.ca\/wp-content\/uploads\/elementor\/thumbs\/fresh-additions-chicken-logo-800x724-E-rdbgw5p84ey4hg00j39wpcprpw0q9o575soqs4z3uq.png","contentUrl":"https:\/\/freshadditions.ca\/wp-content\/uploads\/elementor\/thumbs\/fresh-additions-chicken-logo-800x724-E-rdbgw5p84ey4hg00j39wpcprpw0q9o575soqs4z3uq.png"},{"@type":"BreadcrumbList","@id":"https:\/\/freshadditions.ca\/#breadcrumb","itemListElement":[{"@type":"ListItem","position":1,"name":"Accueil","item":"https:\/\/freshadditions.ca\/"},{"@type":"ListItem","position":2,"name":"Accueil"}]},{"@type":"WebSite","@id":"https:\/\/freshadditions.ca\/#website","url":"https:\/\/freshadditions.ca\/","name":"Fresh Additions","description":"Pr\u00eates \u00e0 manger","potentialAction":[{"@type":"SearchAction","target":{"@type":"EntryPoint","urlTemplate":"https:\/\/freshadditions.ca\/?s={search_term_string}"},"query-input":{"@type":"PropertyValueSpecification","valueRequired":true,"valueName":"search_term_string"}}],"inLanguage":"fr-FR"}]}},"_links":{"self":[{"href":"https:\/\/freshadditions.ca\/fr\/wp-json\/wp\/v2\/pages\/1408","targetHints":{"allow":["GET"]}}],"collection":[{"href":"https:\/\/freshadditions.ca\/fr\/wp-json\/wp\/v2\/pages"}],"about":[{"href":"https:\/\/freshadditions.ca\/fr\/wp-json\/wp\/v2\/types\/page"}],"author":[{"embeddable":true,"href":"https:\/\/freshadditions.ca\/fr\/wp-json\/wp\/v2\/users\/2"}],"replies":[{"embeddable":true,"href":"https:\/\/freshadditions.ca\/fr\/wp-json\/wp\/v2\/comments?post=1408"}],"version-history":[{"count":62,"href":"https:\/\/freshadditions.ca\/fr\/wp-json\/wp\/v2\/pages\/1408\/revisions"}],"predecessor-version":[{"id":3516,"href":"https:\/\/freshadditions.ca\/fr\/wp-json\/wp\/v2\/pages\/1408\/revisions\/3516"}],"wp:attachment":[{"href":"https:\/\/freshadditions.ca\/fr\/wp-json\/wp\/v2\/media?parent=1408"}],"curies":[{"name":"wp","href":"https:\/\/api.w.org\/{rel}","templated":true}]}}