{"id":1403,"date":"2021-03-29T07:22:00","date_gmt":"2021-03-29T11:22:00","guid":{"rendered":"http:\/\/freshadditions.ca\/products\/chicken-cubes\/"},"modified":"2026-04-22T17:10:03","modified_gmt":"2026-04-22T21:10:03","slug":"bouchees-de-poulet","status":"publish","type":"page","link":"https:\/\/freshadditions.ca\/fr\/nos-produits\/bouchees-de-poulet\/","title":{"rendered":"Bouch\u00e9es de poulet"},"content":{"rendered":"\t\t<div data-elementor-type=\"wp-page\" data-elementor-id=\"1403\" class=\"elementor elementor-1403 elementor-736\" data-elementor-post-type=\"page\">\n\t\t\t\t\t\t<section class=\"elementor-section elementor-top-section elementor-element elementor-element-ca149a9 elementor-reverse-mobile elementor-section-boxed elementor-section-height-default elementor-section-height-default\" data-id=\"ca149a9\" data-element_type=\"section\" data-e-type=\"section\" data-settings=\"{&quot;background_background&quot;:&quot;classic&quot;}\">\n\t\t\t\t\t\t<div class=\"elementor-container elementor-column-gap-default\">\n\t\t\t\t\t<div class=\"elementor-column elementor-col-100 elementor-top-column elementor-element elementor-element-beb6b95\" data-id=\"beb6b95\" data-element_type=\"column\" data-e-type=\"column\">\n\t\t\t<div class=\"elementor-widget-wrap elementor-element-populated\">\n\t\t\t\t\t\t<div class=\"elementor-element elementor-element-a924c19 elementor-widget elementor-widget-image\" data-id=\"a924c19\" data-element_type=\"widget\" data-e-type=\"widget\" data-widget_type=\"image.default\">\n\t\t\t\t<div class=\"elementor-widget-container\">\n\t\t\t\t\t\t\t\t\t\t\t\t\t\t\t<img decoding=\"async\" src=\"https:\/\/freshadditions.ca\/wp-content\/uploads\/elementor\/thumbs\/fresh-additions-chicken-ready-to-eat-logo-800x724-F-rdbhbpx1bv6t93xqnyjhnvhwsplv2khg4qgi0h3kx6.png\" title=\"Logo du poulet pr\u00eat \u00e0 manger Fresh Additions\" alt=\"Logo du poulet pr\u00eat \u00e0 manger Fresh Additions\" loading=\"lazy\" \/>\t\t\t\t\t\t\t\t\t\t\t\t\t\t\t<\/div>\n\t\t\t\t<\/div>\n\t\t\t\t<div class=\"elementor-element elementor-element-c9affbb elementor-widget elementor-widget-heading\" data-id=\"c9affbb\" data-element_type=\"widget\" data-e-type=\"widget\" data-widget_type=\"heading.default\">\n\t\t\t\t<div class=\"elementor-widget-container\">\n\t\t\t\t\t<h1 class=\"elementor-heading-title elementor-size-default\">BOUCH\u00c9ES DE POULET ENTI\u00c8REMENT CUITES<\/h1>\t\t\t\t<\/div>\n\t\t\t\t<\/div>\n\t\t\t\t\t<\/div>\n\t\t<\/div>\n\t\t\t\t\t<\/div>\n\t\t<\/section>\n\t\t\t\t<section class=\"elementor-section elementor-top-section elementor-element elementor-element-3ec9742 elementor-section-height-min-height elementor-section-items-stretch elementor-section-boxed elementor-section-height-default\" data-id=\"3ec9742\" data-element_type=\"section\" data-e-type=\"section\" data-settings=\"{&quot;background_background&quot;:&quot;classic&quot;}\">\n\t\t\t\t\t\t<div class=\"elementor-container elementor-column-gap-default\">\n\t\t\t\t\t<div class=\"elementor-column elementor-col-50 elementor-top-column elementor-element elementor-element-7c47bec\" data-id=\"7c47bec\" data-element_type=\"column\" data-e-type=\"column\" data-settings=\"{&quot;background_background&quot;:&quot;classic&quot;}\">\n\t\t\t<div class=\"elementor-widget-wrap elementor-element-populated\">\n\t\t\t\t\t\t<div class=\"elementor-element elementor-element-73d625d elementor-widget elementor-widget-spacer\" data-id=\"73d625d\" data-element_type=\"widget\" data-e-type=\"widget\" data-widget_type=\"spacer.default\">\n\t\t\t\t<div class=\"elementor-widget-container\">\n\t\t\t\t\t\t\t<div class=\"elementor-spacer\">\n\t\t\t<div class=\"elementor-spacer-inner\"><\/div>\n\t\t<\/div>\n\t\t\t\t\t\t<\/div>\n\t\t\t\t<\/div>\n\t\t\t\t\t<\/div>\n\t\t<\/div>\n\t\t\t\t<div class=\"elementor-column elementor-col-50 elementor-top-column elementor-element elementor-element-c15932c\" data-id=\"c15932c\" data-element_type=\"column\" data-e-type=\"column\">\n\t\t\t<div class=\"elementor-widget-wrap elementor-element-populated\">\n\t\t\t\t\t\t<div class=\"elementor-element elementor-element-b12adca elementor-widget elementor-widget-text-editor\" data-id=\"b12adca\" data-element_type=\"widget\" data-e-type=\"widget\" data-widget_type=\"text-editor.default\">\n\t\t\t\t<div class=\"elementor-widget-container\">\n\t\t\t\t\t\t\t\t\t<p><strong>Ingredients <\/strong>: Poulet, Eau, Saveur de poulet d\u00e9shydrat\u00e9 (bouillon de poulet, saveur naturelle), Vinaigre modifi\u00e9, Saveur, Amidon de pomme de terre, Amidon de riz, Sel, Ail d\u00e9shydrat\u00e9, \u00c9pice.<\/p>\n\t\t\t\t\t\t\t\t<\/div>\n\t\t\t\t<\/div>\n\t\t\t\t<div class=\"elementor-element elementor-element-46319ea elementor-widget elementor-widget-text-editor\" data-id=\"46319ea\" data-element_type=\"widget\" data-e-type=\"widget\" data-widget_type=\"text-editor.default\">\n\t\t\t\t<div class=\"elementor-widget-container\">\n\t\t\t\t\t\t\t\t\t<p><strong>Peut contenir :<\/strong> Oeuf.<\/p>\n\t\t\t\t\t\t\t\t<\/div>\n\t\t\t\t<\/div>\n\t\t\t\t<div class=\"elementor-element elementor-element-cc2ada2 elementor-widget-divider--view-line elementor-widget elementor-widget-divider\" data-id=\"cc2ada2\" data-element_type=\"widget\" data-e-type=\"widget\" data-widget_type=\"divider.default\">\n\t\t\t\t<div class=\"elementor-widget-container\">\n\t\t\t\t\t\t\t<div class=\"elementor-divider\">\n\t\t\t<span class=\"elementor-divider-separator\">\n\t\t\t\t\t\t<\/span>\n\t\t<\/div>\n\t\t\t\t\t\t<\/div>\n\t\t\t\t<\/div>\n\t\t\t\t<div class=\"elementor-element elementor-element-72bbbcb elementor-icon-list--layout-traditional elementor-list-item-link-full_width elementor-widget elementor-widget-icon-list\" data-id=\"72bbbcb\" data-element_type=\"widget\" data-e-type=\"widget\" data-widget_type=\"icon-list.default\">\n\t\t\t\t<div class=\"elementor-widget-container\">\n\t\t\t\t\t\t\t<ul class=\"elementor-icon-list-items\">\n\t\t\t\t\t\t\t<li class=\"elementor-icon-list-item\">\n\t\t\t\t\t\t\t\t\t\t\t<span class=\"elementor-icon-list-icon\">\n\t\t\t\t\t\t\t<i aria-hidden=\"true\" class=\"fas fa-check-circle\"><\/i>\t\t\t\t\t\t<\/span>\n\t\t\t\t\t\t\t\t\t\t<span class=\"elementor-icon-list-text\">Bouch\u00e9es de poitrine de poulet enti\u00e8rement cuites, faites d'ingr\u00e9dients naturels<\/span>\n\t\t\t\t\t\t\t\t\t<\/li>\n\t\t\t\t\t\t\t\t<li class=\"elementor-icon-list-item\">\n\t\t\t\t\t\t\t\t\t\t\t<span class=\"elementor-icon-list-icon\">\n\t\t\t\t\t\t\t<i aria-hidden=\"true\" class=\"fas fa-check-circle\"><\/i>\t\t\t\t\t\t<\/span>\n\t\t\t\t\t\t\t\t\t\t<span class=\"elementor-icon-list-text\">150 calories par portion\t<\/span>\n\t\t\t\t\t\t\t\t\t<\/li>\n\t\t\t\t\t\t\t\t<li class=\"elementor-icon-list-item\">\n\t\t\t\t\t\t\t\t\t\t\t<span class=\"elementor-icon-list-icon\">\n\t\t\t\t\t\t\t<i aria-hidden=\"true\" class=\"fas fa-check-circle\"><\/i>\t\t\t\t\t\t<\/span>\n\t\t\t\t\t\t\t\t\t\t<span class=\"elementor-icon-list-text\">4 g de mati\u00e8res grasses par portion<\/span>\n\t\t\t\t\t\t\t\t\t<\/li>\n\t\t\t\t\t\t\t\t<li class=\"elementor-icon-list-item\">\n\t\t\t\t\t\t\t\t\t\t\t<span class=\"elementor-icon-list-icon\">\n\t\t\t\t\t\t\t<i aria-hidden=\"true\" class=\"fas fa-check-circle\"><\/i>\t\t\t\t\t\t<\/span>\n\t\t\t\t\t\t\t\t\t\t<span class=\"elementor-icon-list-text\">24 g de prot\u00e9ines par portion<\/span>\n\t\t\t\t\t\t\t\t\t<\/li>\n\t\t\t\t\t\t\t\t<li class=\"elementor-icon-list-item\">\n\t\t\t\t\t\t\t\t\t\t\t<span class=\"elementor-icon-list-icon\">\n\t\t\t\t\t\t\t<i aria-hidden=\"true\" class=\"fas fa-check-circle\"><\/i>\t\t\t\t\t\t<\/span>\n\t\t\t\t\t\t\t\t\t\t<span class=\"elementor-icon-list-text\">Sans gluten<\/span>\n\t\t\t\t\t\t\t\t\t<\/li>\n\t\t\t\t\t\t<\/ul>\n\t\t\t\t\t\t<\/div>\n\t\t\t\t<\/div>\n\t\t\t\t\t<\/div>\n\t\t<\/div>\n\t\t\t\t\t<\/div>\n\t\t<\/section>\n\t\t\t\t<section class=\"elementor-section elementor-top-section elementor-element elementor-element-df5a516 elementor-section-boxed elementor-section-height-default elementor-section-height-default\" data-id=\"df5a516\" data-element_type=\"section\" data-e-type=\"section\" data-settings=\"{&quot;background_background&quot;:&quot;classic&quot;}\">\n\t\t\t\t\t\t<div class=\"elementor-container elementor-column-gap-wider\">\n\t\t\t\t\t<div class=\"elementor-column elementor-col-50 elementor-top-column elementor-element elementor-element-d92627a\" data-id=\"d92627a\" data-element_type=\"column\" data-e-type=\"column\">\n\t\t\t<div class=\"elementor-widget-wrap elementor-element-populated\">\n\t\t\t\t\t\t<div class=\"elementor-element elementor-element-ecffbf4 elementor-widget elementor-widget-image\" data-id=\"ecffbf4\" data-element_type=\"widget\" data-e-type=\"widget\" loading=\"lazy\" data-widget_type=\"image.default\">\n\t\t\t\t<div class=\"elementor-widget-container\">\n\t\t\t\t\t\t\t\t\t\t\t\t\t\t\t\t<a href=\"https:\/\/freshadditions.ca\/wp-content\/uploads\/2021\/03\/FA-Chicken-Cubes-CDN.jpg\" data-elementor-open-lightbox=\"yes\" data-elementor-lightbox-title=\"Emballage des cubes de poulet Fresh Additions\" data-e-action-hash=\"#elementor-action%3Aaction%3Dlightbox%26settings%3DeyJpZCI6MTI5NywidXJsIjoiaHR0cHM6XC9cL2ZyZXNoYWRkaXRpb25zLmNhXC93cC1jb250ZW50XC91cGxvYWRzXC8yMDIxXC8wM1wvRkEtQ2hpY2tlbi1DdWJlcy1DRE4uanBnIn0%3D\">\n\t\t\t\t\t\t\t<img fetchpriority=\"high\" decoding=\"async\" width=\"1699\" height=\"750\" src=\"https:\/\/freshadditions.ca\/wp-content\/uploads\/2021\/03\/FA-Chicken-Cubes-CDN.jpg\" class=\"attachment-full size-full wp-image-1297\" alt=\"Emballage des cubes de poulet Fresh Additions\" srcset=\"https:\/\/freshadditions.ca\/wp-content\/uploads\/2021\/03\/FA-Chicken-Cubes-CDN.jpg 1699w, https:\/\/freshadditions.ca\/wp-content\/uploads\/2021\/03\/FA-Chicken-Cubes-CDN-300x132.jpg 300w, https:\/\/freshadditions.ca\/wp-content\/uploads\/2021\/03\/FA-Chicken-Cubes-CDN-1024x452.jpg 1024w, https:\/\/freshadditions.ca\/wp-content\/uploads\/2021\/03\/FA-Chicken-Cubes-CDN-768x339.jpg 768w, https:\/\/freshadditions.ca\/wp-content\/uploads\/2021\/03\/FA-Chicken-Cubes-CDN-1536x678.jpg 1536w\" sizes=\"(max-width: 1699px) 100vw, 1699px\" title=\"Emballage des cubes de poulet Fresh Additions\" \/>\t\t\t\t\t\t\t\t<\/a>\n\t\t\t\t\t\t\t\t\t\t\t\t\t\t\t<\/div>\n\t\t\t\t<\/div>\n\t\t\t\t<div class=\"elementor-element elementor-element-2075635 elementor-widget elementor-widget-text-editor\" data-id=\"2075635\" data-element_type=\"widget\" data-e-type=\"widget\" data-widget_type=\"text-editor.default\">\n\t\t\t\t<div class=\"elementor-widget-container\">\n\t\t\t\t\t\t\t\t\t<p>Cliquez pour agrandir. <\/p>\n\t\t\t\t\t\t\t\t<\/div>\n\t\t\t\t<\/div>\n\t\t\t\t\t<\/div>\n\t\t<\/div>\n\t\t\t\t<div class=\"elementor-column elementor-col-50 elementor-top-column elementor-element elementor-element-a0589e7\" data-id=\"a0589e7\" data-element_type=\"column\" data-e-type=\"column\">\n\t\t\t<div class=\"elementor-widget-wrap elementor-element-populated\">\n\t\t\t\t\t\t<div class=\"elementor-element elementor-element-91ee137 elementor-widget elementor-widget-image\" data-id=\"91ee137\" data-element_type=\"widget\" data-e-type=\"widget\" loading=\"lazy\" data-widget_type=\"image.default\">\n\t\t\t\t<div class=\"elementor-widget-container\">\n\t\t\t\t\t\t\t\t\t\t\t\t\t\t\t\t<a href=\"https:\/\/freshadditions.ca\/wp-content\/uploads\/2024\/12\/FA-Chicken-Bites-NFT-CDN.png\" data-elementor-open-lightbox=\"yes\" data-elementor-lightbox-title=\"Nouveaut\u00e9s Tableau nutritionnel des bouch\u00e9es de poulet\" data-e-action-hash=\"#elementor-action%3Aaction%3Dlightbox%26settings%3DeyJpZCI6MjgzMiwidXJsIjoiaHR0cHM6XC9cL2ZyZXNoYWRkaXRpb25zLmNhXC93cC1jb250ZW50XC91cGxvYWRzXC8yMDI0XC8xMlwvRkEtQ2hpY2tlbi1CaXRlcy1ORlQtQ0ROLnBuZyJ9\">\n\t\t\t\t\t\t\t<img decoding=\"async\" width=\"644\" height=\"940\" src=\"https:\/\/freshadditions.ca\/wp-content\/uploads\/2024\/12\/FA-Chicken-Bites-NFT-CDN.png\" class=\"attachment-full size-full wp-image-2832\" alt=\"Nouveaut\u00e9s Tableau nutritionnel des bouch\u00e9es de poulet\" srcset=\"https:\/\/freshadditions.ca\/wp-content\/uploads\/2024\/12\/FA-Chicken-Bites-NFT-CDN.png 644w, https:\/\/freshadditions.ca\/wp-content\/uploads\/2024\/12\/FA-Chicken-Bites-NFT-CDN-206x300.png 206w\" sizes=\"(max-width: 644px) 100vw, 644px\" title=\"Nouveaut\u00e9s Tableau nutritionnel des bouch\u00e9es de poulet\" \/>\t\t\t\t\t\t\t\t<\/a>\n\t\t\t\t\t\t\t\t\t\t\t\t\t\t\t<\/div>\n\t\t\t\t<\/div>\n\t\t\t\t<div class=\"elementor-element elementor-element-e63751a elementor-widget elementor-widget-text-editor\" data-id=\"e63751a\" data-element_type=\"widget\" data-e-type=\"widget\" data-widget_type=\"text-editor.default\">\n\t\t\t\t<div class=\"elementor-widget-container\">\n\t\t\t\t\t\t\t\t\t<p>Cliquez pour agrandir.<\/p>\n\t\t\t\t\t\t\t\t<\/div>\n\t\t\t\t<\/div>\n\t\t\t\t\t<\/div>\n\t\t<\/div>\n\t\t\t\t\t<\/div>\n\t\t<\/section>\n\t\t\t\t<\/div>\n\t\t","protected":false},"excerpt":{"rendered":"<p>BOUCH\u00c9ES DE POULET ENTI\u00c8REMENT CUITES Ingredients : Poulet, Eau, Saveur de poulet d\u00e9shydrat\u00e9 (bouillon de poulet, saveur naturelle), Vinaigre modifi\u00e9, Saveur, Amidon de pomme de terre, Amidon de riz, Sel, Ail d\u00e9shydrat\u00e9, \u00c9pice. Peut contenir : Oeuf. Bouch\u00e9es de poitrine de poulet enti\u00e8rement cuites, faites d&rsquo;ingr\u00e9dients naturels 150 calories par portion 4 g de mati\u00e8res [&hellip;]<\/p>\n","protected":false},"author":3,"featured_media":0,"parent":1396,"menu_order":1,"comment_status":"closed","ping_status":"closed","template":"","meta":{"site-sidebar-layout":"no-sidebar","site-content-layout":"page-builder","ast-site-content-layout":"default","site-content-style":"default","site-sidebar-style":"default","ast-global-header-display":"","ast-banner-title-visibility":"","ast-main-header-display":"","ast-hfb-above-header-display":"","ast-hfb-below-header-display":"","ast-hfb-mobile-header-display":"","site-post-title":"disabled","ast-breadcrumbs-content":"","ast-featured-img":"disabled","footer-sml-layout":"","ast-disable-related-posts":"","theme-transparent-header-meta":"enabled","adv-header-id-meta":"","stick-header-meta":"","header-above-stick-meta":"","header-main-stick-meta":"","header-below-stick-meta":"","astra-migrate-meta-layouts":"default","ast-page-background-enabled":"default","ast-page-background-meta":{"desktop":{"background-color":"","background-image":"","background-repeat":"repeat","background-position":"center center","background-size":"auto","background-attachment":"scroll","background-type":"","background-media":"","overlay-type":"","overlay-color":"","overlay-opacity":"","overlay-gradient":""},"tablet":{"background-color":"","background-image":"","background-repeat":"repeat","background-position":"center center","background-size":"auto","background-attachment":"scroll","background-type":"","background-media":"","overlay-type":"","overlay-color":"","overlay-opacity":"","overlay-gradient":""},"mobile":{"background-color":"","background-image":"","background-repeat":"repeat","background-position":"center center","background-size":"auto","background-attachment":"scroll","background-type":"","background-media":"","overlay-type":"","overlay-color":"","overlay-opacity":"","overlay-gradient":""}},"ast-content-background-meta":{"desktop":{"background-color":"var(--ast-global-color-5)","background-image":"","background-repeat":"repeat","background-position":"center center","background-size":"auto","background-attachment":"scroll","background-type":"","background-media":"","overlay-type":"","overlay-color":"","overlay-opacity":"","overlay-gradient":""},"tablet":{"background-color":"var(--ast-global-color-5)","background-image":"","background-repeat":"repeat","background-position":"center center","background-size":"auto","background-attachment":"scroll","background-type":"","background-media":"","overlay-type":"","overlay-color":"","overlay-opacity":"","overlay-gradient":""},"mobile":{"background-color":"var(--ast-global-color-5)","background-image":"","background-repeat":"repeat","background-position":"center center","background-size":"auto","background-attachment":"scroll","background-type":"","background-media":"","overlay-type":"","overlay-color":"","overlay-opacity":"","overlay-gradient":""}},"footnotes":""},"class_list":["post-1403","page","type-page","status-publish","hentry"],"yoast_head":"<!-- This site is optimized with the Yoast SEO plugin v27.4 - https:\/\/yoast.com\/product\/yoast-seo-wordpress\/ -->\n<title>Paquet de 10 bouch\u00e9es de poulet - fabriqu\u00e9s \u00e0 partir d&#039;ingr\u00e9dients naturels - Fresh Additions<\/title>\n<meta name=\"description\" content=\"Mettez-les dans le sac \u00e0 lunch de vos enfants comme une option de collation \u00e0 l&#039;ADDITION FRA\u00ceCHE, ou faites-en un ADDITION FRA\u00ceCHE \u00e0 votre prochain repas.\" \/>\n<meta name=\"robots\" content=\"index, follow, max-snippet:-1, max-image-preview:large, max-video-preview:-1\" \/>\n<link rel=\"canonical\" href=\"https:\/\/freshadditions.ca\/products\/chicken-bites\/\" \/>\n<meta property=\"og:locale\" content=\"fr_FR\" \/>\n<meta property=\"og:type\" content=\"article\" \/>\n<meta property=\"og:title\" content=\"Paquet de 10 bouch\u00e9es de poulet - fabriqu\u00e9s \u00e0 partir d&#039;ingr\u00e9dients naturels - Fresh Additions\" \/>\n<meta property=\"og:description\" content=\"Mettez-les dans le sac \u00e0 lunch de vos enfants comme une option de collation \u00e0 l&#039;ADDITION FRA\u00ceCHE, ou faites-en un ADDITION FRA\u00ceCHE \u00e0 votre prochain repas.\" \/>\n<meta property=\"og:url\" content=\"https:\/\/freshadditions.ca\/products\/chicken-bites\/\" \/>\n<meta property=\"og:site_name\" content=\"Fresh Additions\" \/>\n<meta property=\"article:modified_time\" content=\"2026-04-22T21:10:03+00:00\" \/>\n<meta property=\"og:image\" content=\"https:\/\/freshadditions.ca\/wp-content\/uploads\/elementor\/thumbs\/fresh-additions-chicken-logo-800x724-E-rdbgw5p86lvx1ijhj8dudsv6r2b3mypfbpn3zk67xm.png\" \/>\n<meta name=\"twitter:card\" content=\"summary_large_image\" \/>\n<meta name=\"twitter:label1\" content=\"Dur\u00e9e de lecture estim\u00e9e\" \/>\n\t<meta name=\"twitter:data1\" content=\"1 minute\" \/>\n<script type=\"application\/ld+json\" class=\"yoast-schema-graph\">{\"@context\":\"https:\\\/\\\/schema.org\",\"@graph\":[{\"@type\":\"WebPage\",\"@id\":\"https:\\\/\\\/freshadditions.ca\\\/products\\\/chicken-bites\\\/\",\"url\":\"https:\\\/\\\/freshadditions.ca\\\/products\\\/chicken-bites\\\/\",\"name\":\"Paquet de 10 bouch\u00e9es de poulet - fabriqu\u00e9s \u00e0 partir d'ingr\u00e9dients naturels - Fresh Additions\",\"isPartOf\":{\"@id\":\"https:\\\/\\\/freshadditions.ca\\\/#website\"},\"primaryImageOfPage\":{\"@id\":\"https:\\\/\\\/freshadditions.ca\\\/products\\\/chicken-bites\\\/#primaryimage\"},\"image\":{\"@id\":\"https:\\\/\\\/freshadditions.ca\\\/products\\\/chicken-bites\\\/#primaryimage\"},\"thumbnailUrl\":\"https:\\\/\\\/freshadditions.ca\\\/wp-content\\\/uploads\\\/elementor\\\/thumbs\\\/fresh-additions-chicken-logo-800x724-E-rdbgw5p86lvx1ijhj8dudsv6r2b3mypfbpn3zk67xm.png\",\"datePublished\":\"2021-03-29T11:22:00+00:00\",\"dateModified\":\"2026-04-22T21:10:03+00:00\",\"description\":\"Mettez-les dans le sac \u00e0 lunch de vos enfants comme une option de collation \u00e0 l'ADDITION FRA\u00ceCHE, ou faites-en un ADDITION FRA\u00ceCHE \u00e0 votre prochain repas.\",\"breadcrumb\":{\"@id\":\"https:\\\/\\\/freshadditions.ca\\\/products\\\/chicken-bites\\\/#breadcrumb\"},\"inLanguage\":\"fr-FR\",\"potentialAction\":[{\"@type\":\"ReadAction\",\"target\":[\"https:\\\/\\\/freshadditions.ca\\\/products\\\/chicken-bites\\\/\"]}]},{\"@type\":\"ImageObject\",\"inLanguage\":\"fr-FR\",\"@id\":\"https:\\\/\\\/freshadditions.ca\\\/products\\\/chicken-bites\\\/#primaryimage\",\"url\":\"https:\\\/\\\/freshadditions.ca\\\/wp-content\\\/uploads\\\/elementor\\\/thumbs\\\/fresh-additions-chicken-logo-800x724-E-rdbgw5p86lvx1ijhj8dudsv6r2b3mypfbpn3zk67xm.png\",\"contentUrl\":\"https:\\\/\\\/freshadditions.ca\\\/wp-content\\\/uploads\\\/elementor\\\/thumbs\\\/fresh-additions-chicken-logo-800x724-E-rdbgw5p86lvx1ijhj8dudsv6r2b3mypfbpn3zk67xm.png\"},{\"@type\":\"BreadcrumbList\",\"@id\":\"https:\\\/\\\/freshadditions.ca\\\/products\\\/chicken-bites\\\/#breadcrumb\",\"itemListElement\":[{\"@type\":\"ListItem\",\"position\":1,\"name\":\"Accueil\",\"item\":\"https:\\\/\\\/freshadditions.ca\\\/\"},{\"@type\":\"ListItem\",\"position\":2,\"name\":\"Nos produits\",\"item\":\"https:\\\/\\\/freshadditions.ca\\\/fr\\\/nos-produits\\\/\"},{\"@type\":\"ListItem\",\"position\":3,\"name\":\"Bouch\u00e9es de poulet\"}]},{\"@type\":\"WebSite\",\"@id\":\"https:\\\/\\\/freshadditions.ca\\\/#website\",\"url\":\"https:\\\/\\\/freshadditions.ca\\\/\",\"name\":\"Fresh Additions\",\"description\":\"Pr\u00eates \u00e0 manger\",\"potentialAction\":[{\"@type\":\"SearchAction\",\"target\":{\"@type\":\"EntryPoint\",\"urlTemplate\":\"https:\\\/\\\/freshadditions.ca\\\/?s={search_term_string}\"},\"query-input\":{\"@type\":\"PropertyValueSpecification\",\"valueRequired\":true,\"valueName\":\"search_term_string\"}}],\"inLanguage\":\"fr-FR\"}]}<\/script>\n<!-- \/ Yoast SEO plugin. -->","yoast_head_json":{"title":"Paquet de 10 bouch\u00e9es de poulet - fabriqu\u00e9s \u00e0 partir d'ingr\u00e9dients naturels - Fresh Additions","description":"Mettez-les dans le sac \u00e0 lunch de vos enfants comme une option de collation \u00e0 l'ADDITION FRA\u00ceCHE, ou faites-en un ADDITION FRA\u00ceCHE \u00e0 votre prochain repas.","robots":{"index":"index","follow":"follow","max-snippet":"max-snippet:-1","max-image-preview":"max-image-preview:large","max-video-preview":"max-video-preview:-1"},"canonical":"https:\/\/freshadditions.ca\/products\/chicken-bites\/","og_locale":"fr_FR","og_type":"article","og_title":"Paquet de 10 bouch\u00e9es de poulet - fabriqu\u00e9s \u00e0 partir d'ingr\u00e9dients naturels - Fresh Additions","og_description":"Mettez-les dans le sac \u00e0 lunch de vos enfants comme une option de collation \u00e0 l'ADDITION FRA\u00ceCHE, ou faites-en un ADDITION FRA\u00ceCHE \u00e0 votre prochain repas.","og_url":"https:\/\/freshadditions.ca\/products\/chicken-bites\/","og_site_name":"Fresh Additions","article_modified_time":"2026-04-22T21:10:03+00:00","og_image":[{"url":"https:\/\/freshadditions.ca\/wp-content\/uploads\/elementor\/thumbs\/fresh-additions-chicken-logo-800x724-E-rdbgw5p86lvx1ijhj8dudsv6r2b3mypfbpn3zk67xm.png","type":"","width":"","height":""}],"twitter_card":"summary_large_image","twitter_misc":{"Dur\u00e9e de lecture estim\u00e9e":"1 minute"},"schema":{"@context":"https:\/\/schema.org","@graph":[{"@type":"WebPage","@id":"https:\/\/freshadditions.ca\/products\/chicken-bites\/","url":"https:\/\/freshadditions.ca\/products\/chicken-bites\/","name":"Paquet de 10 bouch\u00e9es de poulet - fabriqu\u00e9s \u00e0 partir d'ingr\u00e9dients naturels - Fresh Additions","isPartOf":{"@id":"https:\/\/freshadditions.ca\/#website"},"primaryImageOfPage":{"@id":"https:\/\/freshadditions.ca\/products\/chicken-bites\/#primaryimage"},"image":{"@id":"https:\/\/freshadditions.ca\/products\/chicken-bites\/#primaryimage"},"thumbnailUrl":"https:\/\/freshadditions.ca\/wp-content\/uploads\/elementor\/thumbs\/fresh-additions-chicken-logo-800x724-E-rdbgw5p86lvx1ijhj8dudsv6r2b3mypfbpn3zk67xm.png","datePublished":"2021-03-29T11:22:00+00:00","dateModified":"2026-04-22T21:10:03+00:00","description":"Mettez-les dans le sac \u00e0 lunch de vos enfants comme une option de collation \u00e0 l'ADDITION FRA\u00ceCHE, ou faites-en un ADDITION FRA\u00ceCHE \u00e0 votre prochain repas.","breadcrumb":{"@id":"https:\/\/freshadditions.ca\/products\/chicken-bites\/#breadcrumb"},"inLanguage":"fr-FR","potentialAction":[{"@type":"ReadAction","target":["https:\/\/freshadditions.ca\/products\/chicken-bites\/"]}]},{"@type":"ImageObject","inLanguage":"fr-FR","@id":"https:\/\/freshadditions.ca\/products\/chicken-bites\/#primaryimage","url":"https:\/\/freshadditions.ca\/wp-content\/uploads\/elementor\/thumbs\/fresh-additions-chicken-logo-800x724-E-rdbgw5p86lvx1ijhj8dudsv6r2b3mypfbpn3zk67xm.png","contentUrl":"https:\/\/freshadditions.ca\/wp-content\/uploads\/elementor\/thumbs\/fresh-additions-chicken-logo-800x724-E-rdbgw5p86lvx1ijhj8dudsv6r2b3mypfbpn3zk67xm.png"},{"@type":"BreadcrumbList","@id":"https:\/\/freshadditions.ca\/products\/chicken-bites\/#breadcrumb","itemListElement":[{"@type":"ListItem","position":1,"name":"Accueil","item":"https:\/\/freshadditions.ca\/"},{"@type":"ListItem","position":2,"name":"Nos produits","item":"https:\/\/freshadditions.ca\/fr\/nos-produits\/"},{"@type":"ListItem","position":3,"name":"Bouch\u00e9es de poulet"}]},{"@type":"WebSite","@id":"https:\/\/freshadditions.ca\/#website","url":"https:\/\/freshadditions.ca\/","name":"Fresh Additions","description":"Pr\u00eates \u00e0 manger","potentialAction":[{"@type":"SearchAction","target":{"@type":"EntryPoint","urlTemplate":"https:\/\/freshadditions.ca\/?s={search_term_string}"},"query-input":{"@type":"PropertyValueSpecification","valueRequired":true,"valueName":"search_term_string"}}],"inLanguage":"fr-FR"}]}},"_links":{"self":[{"href":"https:\/\/freshadditions.ca\/fr\/wp-json\/wp\/v2\/pages\/1403","targetHints":{"allow":["GET"]}}],"collection":[{"href":"https:\/\/freshadditions.ca\/fr\/wp-json\/wp\/v2\/pages"}],"about":[{"href":"https:\/\/freshadditions.ca\/fr\/wp-json\/wp\/v2\/types\/page"}],"author":[{"embeddable":true,"href":"https:\/\/freshadditions.ca\/fr\/wp-json\/wp\/v2\/users\/3"}],"replies":[{"embeddable":true,"href":"https:\/\/freshadditions.ca\/fr\/wp-json\/wp\/v2\/comments?post=1403"}],"version-history":[{"count":54,"href":"https:\/\/freshadditions.ca\/fr\/wp-json\/wp\/v2\/pages\/1403\/revisions"}],"predecessor-version":[{"id":3531,"href":"https:\/\/freshadditions.ca\/fr\/wp-json\/wp\/v2\/pages\/1403\/revisions\/3531"}],"up":[{"embeddable":true,"href":"https:\/\/freshadditions.ca\/fr\/wp-json\/wp\/v2\/pages\/1396"}],"wp:attachment":[{"href":"https:\/\/freshadditions.ca\/fr\/wp-json\/wp\/v2\/media?parent=1403"}],"curies":[{"name":"wp","href":"https:\/\/api.w.org\/{rel}","templated":true}]}}